{"id":145,"date":"2024-03-27T12:23:44","date_gmt":"2024-03-27T12:23:44","guid":{"rendered":"https:\/\/oldtimer-doctor.com\/?page_id=145"},"modified":"2024-05-08T08:12:17","modified_gmt":"2024-05-08T08:12:17","slug":"oldtimer-doctor-team","status":"publish","type":"page","link":"https:\/\/oldtimer-doctor.com\/index.php\/oldtimer-doctor-team\/","title":{"rendered":"Unser Team"},"content":{"rendered":"\n<p>Jedes Mitglied bringt einzigartige F\u00e4higkeiten und Fachwissen mit, um diese historischen Fahrzeuge in ihren urspr\u00fcnglichen Glanz zur\u00fcckzuversetzen. Hier sind die Hauptaufgaben unseres Teams:<\/p>\n\n\n\n<ol>\n<li><strong>Zerlegung:<\/strong>\n<ul>\n<li>Wir beginnen mit der sorgf\u00e4ltigen Zerlegung des Oldtimers. Jedes Teil wird genau dokumentiert, um sicherzustellen, dass nichts verloren geht.<\/li>\n\n\n\n<li>Unsere Mechaniker und Techniker arbeiten Hand in Hand, um die Teile zu demontieren und zu reinigen.<\/li>\n<\/ul>\n<\/li>\n\n\n\n<li><strong>Schwei\u00dfen und Reparatur:<\/strong>\n<ul>\n<li>Wenn Rost oder Sch\u00e4den festgestellt werden, k\u00fcmmern sich unsere Karosseriebauer um die Reparatur.<\/li>\n\n\n\n<li>Wir verwenden hochwertige Materialien und Techniken, um die Originalstruktur wiederherzustellen.<\/li>\n<\/ul>\n<\/li>\n\n\n\n<li><strong>Lackierung:<\/strong>\n<ul>\n<li>Unsere Lackierer w\u00e4hlen sorgf\u00e4ltig die passende Farbe aus, um den Oldtimer zu versch\u00f6nern.<\/li>\n\n\n\n<li>Jeder Lackauftrag wird pr\u00e4zise ausgef\u00fchrt, um ein makelloses Finish zu erzielen.<\/li>\n<\/ul>\n<\/li>\n\n\n\n<li><strong>Zusammenbau:<\/strong>\n<ul>\n<li>Nachdem alle Teile restauriert sind, beginnt der Zusammenbau.<\/li>\n\n\n\n<li>Unsere Experten setzen jedes Teil mit Liebe zum Detail wieder zusammen, um die Originalit\u00e4t zu bewahren.<\/li>\n<\/ul>\n<\/li>\n\n\n\n<li><strong>Qualit\u00e4tskontrolle:<\/strong>\n<ul>\n<li>Bevor der Oldtimer an seinen stolzen Besitzer \u00fcbergeben wird, durchl\u00e4uft er eine gr\u00fcndliche Qualit\u00e4tskontrolle.<\/li>\n\n\n\n<li>Wir stellen sicher, dass alles einwandfrei funktioniert und der Oldtimer bereit ist, auf die Stra\u00dfe zur\u00fcckzukehren.<\/li>\n<\/ul>\n<\/li>\n<\/ol>\n\n\n\n<p>\u00a0Nat\u00fcrlich k\u00f6nnen wir nicht alles aleine machen. Um die Restaurierung von Oldtimern erfolgreich abzuschlie\u00dfen arbeiten wir zus\u00e4tlich noch mit vielen externen experten zusammen. Das sind Mechaniker, Sattler, Elektriker, Verchromer, Schreiner etc.<\/p>\n\n\n\n<p><\/p>\n\n\n\n<figure class=\"wp-block-gallery has-nested-images columns-4 is-cropped wp-block-gallery-1 is-layout-flex wp-block-gallery-is-layout-flex\">\n<figure class=\"wp-block-image size-full is-style-default\"><img loading=\"lazy\" decoding=\"async\" width=\"449\" height=\"600\" data-id=\"148\" src=\"https:\/\/oldtimer-doctor.com\/wp-content\/uploads\/2024\/03\/1711535665902-rotated.jpg\" alt=\"\" class=\"wp-image-148\" srcset=\"https:\/\/oldtimer-doctor.com\/wp-content\/uploads\/2024\/03\/1711535665902-rotated.jpg 449w, https:\/\/oldtimer-doctor.com\/wp-content\/uploads\/2024\/03\/1711535665902-225x300.jpg 225w\" sizes=\"(max-width: 449px) 100vw, 449px\" \/><\/figure>\n\n\n\n<figure class=\"wp-block-image size-full\"><img loading=\"lazy\" decoding=\"async\" width=\"449\" height=\"600\" data-id=\"153\" src=\"https:\/\/oldtimer-doctor.com\/wp-content\/uploads\/2024\/03\/1711535666111-rotated.jpg\" alt=\"\" class=\"wp-image-153\" srcset=\"https:\/\/oldtimer-doctor.com\/wp-content\/uploads\/2024\/03\/1711535666111-rotated.jpg 449w, https:\/\/oldtimer-doctor.com\/wp-content\/uploads\/2024\/03\/1711535666111-225x300.jpg 225w\" sizes=\"(max-width: 449px) 100vw, 449px\" \/><\/figure>\n\n\n\n<figure class=\"wp-block-image size-full\"><img loading=\"lazy\" decoding=\"async\" width=\"449\" height=\"600\" data-id=\"147\" src=\"https:\/\/oldtimer-doctor.com\/wp-content\/uploads\/2024\/03\/1711535811179-rotated.jpg\" alt=\"\" class=\"wp-image-147\" srcset=\"https:\/\/oldtimer-doctor.com\/wp-content\/uploads\/2024\/03\/1711535811179-rotated.jpg 449w, https:\/\/oldtimer-doctor.com\/wp-content\/uploads\/2024\/03\/1711535811179-225x300.jpg 225w\" sizes=\"(max-width: 449px) 100vw, 449px\" \/><\/figure>\n\n\n\n<figure class=\"wp-block-image size-full\"><img loading=\"lazy\" decoding=\"async\" width=\"449\" height=\"600\" data-id=\"150\" src=\"https:\/\/oldtimer-doctor.com\/wp-content\/uploads\/2024\/03\/1711535811230-rotated.jpg\" alt=\"\" class=\"wp-image-150\" srcset=\"https:\/\/oldtimer-doctor.com\/wp-content\/uploads\/2024\/03\/1711535811230-rotated.jpg 449w, https:\/\/oldtimer-doctor.com\/wp-content\/uploads\/2024\/03\/1711535811230-225x300.jpg 225w\" sizes=\"(max-width: 449px) 100vw, 449px\" \/><\/figure>\n\n\n\n<figure class=\"wp-block-image size-full\"><img loading=\"lazy\" decoding=\"async\" width=\"449\" height=\"600\" data-id=\"151\" src=\"https:\/\/oldtimer-doctor.com\/wp-content\/uploads\/2024\/03\/1711535842192-rotated.jpg\" alt=\"\" class=\"wp-image-151\" srcset=\"https:\/\/oldtimer-doctor.com\/wp-content\/uploads\/2024\/03\/1711535842192-rotated.jpg 449w, https:\/\/oldtimer-doctor.com\/wp-content\/uploads\/2024\/03\/1711535842192-225x300.jpg 225w\" sizes=\"(max-width: 449px) 100vw, 449px\" \/><\/figure>\n\n\n\n<figure class=\"wp-block-image size-full\"><img loading=\"lazy\" decoding=\"async\" width=\"449\" height=\"600\" data-id=\"152\" src=\"https:\/\/oldtimer-doctor.com\/wp-content\/uploads\/2024\/03\/1711535842233-rotated.jpg\" alt=\"\" class=\"wp-image-152\" srcset=\"https:\/\/oldtimer-doctor.com\/wp-content\/uploads\/2024\/03\/1711535842233-rotated.jpg 449w, https:\/\/oldtimer-doctor.com\/wp-content\/uploads\/2024\/03\/1711535842233-225x300.jpg 225w\" sizes=\"(max-width: 449px) 100vw, 449px\" \/><\/figure>\n\n\n\n<figure class=\"wp-block-image size-full\"><img loading=\"lazy\" decoding=\"async\" width=\"449\" height=\"600\" data-id=\"149\" src=\"https:\/\/oldtimer-doctor.com\/wp-content\/uploads\/2024\/03\/1711535861449-rotated.jpg\" alt=\"\" class=\"wp-image-149\" srcset=\"https:\/\/oldtimer-doctor.com\/wp-content\/uploads\/2024\/03\/1711535861449-rotated.jpg 449w, https:\/\/oldtimer-doctor.com\/wp-content\/uploads\/2024\/03\/1711535861449-225x300.jpg 225w\" sizes=\"(max-width: 449px) 100vw, 449px\" \/><\/figure>\n\n\n\n<figure class=\"wp-block-image size-full\"><img loading=\"lazy\" decoding=\"async\" width=\"449\" height=\"600\" data-id=\"154\" src=\"https:\/\/oldtimer-doctor.com\/wp-content\/uploads\/2024\/03\/1711535861488-rotated.jpg\" alt=\"\" class=\"wp-image-154\" srcset=\"https:\/\/oldtimer-doctor.com\/wp-content\/uploads\/2024\/03\/1711535861488-rotated.jpg 449w, https:\/\/oldtimer-doctor.com\/wp-content\/uploads\/2024\/03\/1711535861488-225x300.jpg 225w\" sizes=\"(max-width: 449px) 100vw, 449px\" \/><\/figure>\n<\/figure>\n","protected":false},"excerpt":{"rendered":"<p>Jedes Mitglied bringt einzigartige F\u00e4higkeiten und Fachwissen mit, um diese historischen Fahrzeuge in ihren urspr\u00fcnglichen Glanz zur\u00fcckzuversetzen. Hier sind die Hauptaufgaben unseres Teams: \u00a0Nat\u00fcrlich k\u00f6nnen wir nicht alles aleine machen. Um die Restaurierung von Oldtimern erfolgreich abzuschlie\u00dfen arbeiten wir zus\u00e4tlich noch mit vielen externen experten zusammen. Das sind Mechaniker, Sattler, Elektriker, Verchromer, Schreiner etc.<\/p>\n","protected":false},"author":1,"featured_media":0,"parent":0,"menu_order":0,"comment_status":"closed","ping_status":"closed","template":"","meta":{"footnotes":""},"yoast_head":"<!-- This site is optimized with the Yoast SEO plugin v24.5 - https:\/\/yoast.com\/wordpress\/plugins\/seo\/ -->\n<title>Unser Team - Oldtimer Doctor<\/title>\n<meta name=\"description\" content=\"Oldtimer Restauration und Reparatur, Classic Cars Restauration and Repair, Mercedes, Porsche, Karosserie, Lackieren\" \/>\n<meta name=\"robots\" content=\"index, follow, max-snippet:-1, max-image-preview:large, max-video-preview:-1\" \/>\n<link rel=\"canonical\" href=\"https:\/\/oldtimer-doctor.com\/index.php\/oldtimer-doctor-team\/\" \/>\n<meta property=\"og:locale\" content=\"de_DE\" \/>\n<meta property=\"og:type\" content=\"article\" \/>\n<meta property=\"og:title\" content=\"Unser Team - Oldtimer Doctor\" \/>\n<meta property=\"og:description\" content=\"Oldtimer Restauration und Reparatur, Classic Cars Restauration and Repair, Mercedes, Porsche, Karosserie, Lackieren\" \/>\n<meta property=\"og:url\" content=\"https:\/\/oldtimer-doctor.com\/index.php\/oldtimer-doctor-team\/\" \/>\n<meta property=\"og:site_name\" content=\"Oldtimer Doctor\" \/>\n<meta property=\"article:publisher\" content=\"https:\/\/www.facebook.com\/oldtimer.doctor\/\" \/>\n<meta property=\"article:modified_time\" content=\"2024-05-08T08:12:17+00:00\" \/>\n<meta property=\"og:image\" content=\"https:\/\/oldtimer-doctor.com\/wp-content\/uploads\/2024\/03\/1711535665902-rotated.jpg\" \/>\n<meta name=\"twitter:card\" content=\"summary_large_image\" \/>\n<meta name=\"twitter:label1\" content=\"Gesch\u00e4tzte Lesezeit\" \/>\n\t<meta name=\"twitter:data1\" content=\"3\u00a0Minuten\" \/>\n<script type=\"application\/ld+json\" class=\"yoast-schema-graph\">{\"@context\":\"https:\/\/schema.org\",\"@graph\":[{\"@type\":\"WebPage\",\"@id\":\"https:\/\/oldtimer-doctor.com\/index.php\/oldtimer-doctor-team\/\",\"url\":\"https:\/\/oldtimer-doctor.com\/index.php\/oldtimer-doctor-team\/\",\"name\":\"Unser Team - Oldtimer Doctor\",\"isPartOf\":{\"@id\":\"https:\/\/oldtimer-doctor.com\/#website\"},\"primaryImageOfPage\":{\"@id\":\"https:\/\/oldtimer-doctor.com\/index.php\/oldtimer-doctor-team\/#primaryimage\"},\"image\":{\"@id\":\"https:\/\/oldtimer-doctor.com\/index.php\/oldtimer-doctor-team\/#primaryimage\"},\"thumbnailUrl\":\"https:\/\/oldtimer-doctor.com\/wp-content\/uploads\/2024\/03\/1711535665902-rotated.jpg\",\"datePublished\":\"2024-03-27T12:23:44+00:00\",\"dateModified\":\"2024-05-08T08:12:17+00:00\",\"description\":\"Oldtimer Restauration und Reparatur, Classic Cars Restauration and Repair, Mercedes, Porsche, Karosserie, Lackieren\",\"breadcrumb\":{\"@id\":\"https:\/\/oldtimer-doctor.com\/index.php\/oldtimer-doctor-team\/#breadcrumb\"},\"inLanguage\":\"de\",\"potentialAction\":[{\"@type\":\"ReadAction\",\"target\":[\"https:\/\/oldtimer-doctor.com\/index.php\/oldtimer-doctor-team\/\"]}]},{\"@type\":\"ImageObject\",\"inLanguage\":\"de\",\"@id\":\"https:\/\/oldtimer-doctor.com\/index.php\/oldtimer-doctor-team\/#primaryimage\",\"url\":\"https:\/\/oldtimer-doctor.com\/wp-content\/uploads\/2024\/03\/1711535665902-rotated.jpg\",\"contentUrl\":\"https:\/\/oldtimer-doctor.com\/wp-content\/uploads\/2024\/03\/1711535665902-rotated.jpg\",\"width\":449,\"height\":600},{\"@type\":\"BreadcrumbList\",\"@id\":\"https:\/\/oldtimer-doctor.com\/index.php\/oldtimer-doctor-team\/#breadcrumb\",\"itemListElement\":[{\"@type\":\"ListItem\",\"position\":1,\"name\":\"Home\",\"item\":\"https:\/\/oldtimer-doctor.com\/\"},{\"@type\":\"ListItem\",\"position\":2,\"name\":\"Unser Team\"}]},{\"@type\":\"WebSite\",\"@id\":\"https:\/\/oldtimer-doctor.com\/#website\",\"url\":\"https:\/\/oldtimer-doctor.com\/\",\"name\":\"Oldtimer Doctor\",\"description\":\"Oldtimer Restauration und Reparatur, Mercedes, Porsche\",\"publisher\":{\"@id\":\"https:\/\/oldtimer-doctor.com\/#organization\"},\"alternateName\":\"Oldtimer Restauration & Reparatur\",\"potentialAction\":[{\"@type\":\"SearchAction\",\"target\":{\"@type\":\"EntryPoint\",\"urlTemplate\":\"https:\/\/oldtimer-doctor.com\/?s={search_term_string}\"},\"query-input\":{\"@type\":\"PropertyValueSpecification\",\"valueRequired\":true,\"valueName\":\"search_term_string\"}}],\"inLanguage\":\"de\"},{\"@type\":\"Organization\",\"@id\":\"https:\/\/oldtimer-doctor.com\/#organization\",\"name\":\"Oldtimer Doctor\",\"alternateName\":\"Oldtimer Doc\",\"url\":\"https:\/\/oldtimer-doctor.com\/\",\"logo\":{\"@type\":\"ImageObject\",\"inLanguage\":\"de\",\"@id\":\"https:\/\/oldtimer-doctor.com\/#\/schema\/logo\/image\/\",\"url\":\"https:\/\/oldtimer-doctor.com\/wp-content\/uploads\/2024\/02\/logo1_mini.png\",\"contentUrl\":\"https:\/\/oldtimer-doctor.com\/wp-content\/uploads\/2024\/02\/logo1_mini.png\",\"width\":872,\"height\":750,\"caption\":\"Oldtimer Doctor\"},\"image\":{\"@id\":\"https:\/\/oldtimer-doctor.com\/#\/schema\/logo\/image\/\"},\"sameAs\":[\"https:\/\/www.facebook.com\/oldtimer.doctor\/\"]}]}<\/script>\n<!-- \/ Yoast SEO plugin. -->","yoast_head_json":{"title":"Unser Team - Oldtimer Doctor","description":"Oldtimer Restauration und Reparatur, Classic Cars Restauration and Repair, Mercedes, Porsche, Karosserie, Lackieren","robots":{"index":"index","follow":"follow","max-snippet":"max-snippet:-1","max-image-preview":"max-image-preview:large","max-video-preview":"max-video-preview:-1"},"canonical":"https:\/\/oldtimer-doctor.com\/index.php\/oldtimer-doctor-team\/","og_locale":"de_DE","og_type":"article","og_title":"Unser Team - Oldtimer Doctor","og_description":"Oldtimer Restauration und Reparatur, Classic Cars Restauration and Repair, Mercedes, Porsche, Karosserie, Lackieren","og_url":"https:\/\/oldtimer-doctor.com\/index.php\/oldtimer-doctor-team\/","og_site_name":"Oldtimer Doctor","article_publisher":"https:\/\/www.facebook.com\/oldtimer.doctor\/","article_modified_time":"2024-05-08T08:12:17+00:00","og_image":[{"url":"https:\/\/oldtimer-doctor.com\/wp-content\/uploads\/2024\/03\/1711535665902-rotated.jpg","type":"","width":"","height":""}],"twitter_card":"summary_large_image","twitter_misc":{"Gesch\u00e4tzte Lesezeit":"3\u00a0Minuten"},"schema":{"@context":"https:\/\/schema.org","@graph":[{"@type":"WebPage","@id":"https:\/\/oldtimer-doctor.com\/index.php\/oldtimer-doctor-team\/","url":"https:\/\/oldtimer-doctor.com\/index.php\/oldtimer-doctor-team\/","name":"Unser Team - Oldtimer Doctor","isPartOf":{"@id":"https:\/\/oldtimer-doctor.com\/#website"},"primaryImageOfPage":{"@id":"https:\/\/oldtimer-doctor.com\/index.php\/oldtimer-doctor-team\/#primaryimage"},"image":{"@id":"https:\/\/oldtimer-doctor.com\/index.php\/oldtimer-doctor-team\/#primaryimage"},"thumbnailUrl":"https:\/\/oldtimer-doctor.com\/wp-content\/uploads\/2024\/03\/1711535665902-rotated.jpg","datePublished":"2024-03-27T12:23:44+00:00","dateModified":"2024-05-08T08:12:17+00:00","description":"Oldtimer Restauration und Reparatur, Classic Cars Restauration and Repair, Mercedes, Porsche, Karosserie, Lackieren","breadcrumb":{"@id":"https:\/\/oldtimer-doctor.com\/index.php\/oldtimer-doctor-team\/#breadcrumb"},"inLanguage":"de","potentialAction":[{"@type":"ReadAction","target":["https:\/\/oldtimer-doctor.com\/index.php\/oldtimer-doctor-team\/"]}]},{"@type":"ImageObject","inLanguage":"de","@id":"https:\/\/oldtimer-doctor.com\/index.php\/oldtimer-doctor-team\/#primaryimage","url":"https:\/\/oldtimer-doctor.com\/wp-content\/uploads\/2024\/03\/1711535665902-rotated.jpg","contentUrl":"https:\/\/oldtimer-doctor.com\/wp-content\/uploads\/2024\/03\/1711535665902-rotated.jpg","width":449,"height":600},{"@type":"BreadcrumbList","@id":"https:\/\/oldtimer-doctor.com\/index.php\/oldtimer-doctor-team\/#breadcrumb","itemListElement":[{"@type":"ListItem","position":1,"name":"Home","item":"https:\/\/oldtimer-doctor.com\/"},{"@type":"ListItem","position":2,"name":"Unser Team"}]},{"@type":"WebSite","@id":"https:\/\/oldtimer-doctor.com\/#website","url":"https:\/\/oldtimer-doctor.com\/","name":"Oldtimer Doctor","description":"Oldtimer Restauration und Reparatur, Mercedes, Porsche","publisher":{"@id":"https:\/\/oldtimer-doctor.com\/#organization"},"alternateName":"Oldtimer Restauration & Reparatur","potentialAction":[{"@type":"SearchAction","target":{"@type":"EntryPoint","urlTemplate":"https:\/\/oldtimer-doctor.com\/?s={search_term_string}"},"query-input":{"@type":"PropertyValueSpecification","valueRequired":true,"valueName":"search_term_string"}}],"inLanguage":"de"},{"@type":"Organization","@id":"https:\/\/oldtimer-doctor.com\/#organization","name":"Oldtimer Doctor","alternateName":"Oldtimer Doc","url":"https:\/\/oldtimer-doctor.com\/","logo":{"@type":"ImageObject","inLanguage":"de","@id":"https:\/\/oldtimer-doctor.com\/#\/schema\/logo\/image\/","url":"https:\/\/oldtimer-doctor.com\/wp-content\/uploads\/2024\/02\/logo1_mini.png","contentUrl":"https:\/\/oldtimer-doctor.com\/wp-content\/uploads\/2024\/02\/logo1_mini.png","width":872,"height":750,"caption":"Oldtimer Doctor"},"image":{"@id":"https:\/\/oldtimer-doctor.com\/#\/schema\/logo\/image\/"},"sameAs":["https:\/\/www.facebook.com\/oldtimer.doctor\/"]}]}},"featured_media_urls":[],"_links":{"self":[{"href":"https:\/\/oldtimer-doctor.com\/index.php\/wp-json\/wp\/v2\/pages\/145"}],"collection":[{"href":"https:\/\/oldtimer-doctor.com\/index.php\/wp-json\/wp\/v2\/pages"}],"about":[{"href":"https:\/\/oldtimer-doctor.com\/index.php\/wp-json\/wp\/v2\/types\/page"}],"author":[{"embeddable":true,"href":"https:\/\/oldtimer-doctor.com\/index.php\/wp-json\/wp\/v2\/users\/1"}],"replies":[{"embeddable":true,"href":"https:\/\/oldtimer-doctor.com\/index.php\/wp-json\/wp\/v2\/comments?post=145"}],"version-history":[{"count":4,"href":"https:\/\/oldtimer-doctor.com\/index.php\/wp-json\/wp\/v2\/pages\/145\/revisions"}],"predecessor-version":[{"id":168,"href":"https:\/\/oldtimer-doctor.com\/index.php\/wp-json\/wp\/v2\/pages\/145\/revisions\/168"}],"wp:attachment":[{"href":"https:\/\/oldtimer-doctor.com\/index.php\/wp-json\/wp\/v2\/media?parent=145"}],"curies":[{"name":"wp","href":"https:\/\/api.w.org\/{rel}","templated":true}]}}